{"id":11207,"date":"2026-04-27T10:08:37","date_gmt":"2026-04-27T13:08:37","guid":{"rendered":"https:\/\/nenteras.com\/?page_id=11207"},"modified":"2026-04-27T11:48:14","modified_gmt":"2026-04-27T14:48:14","slug":"11207-2","status":"publish","type":"page","link":"https:\/\/nenteras.com\/","title":{"rendered":"Pagina Principal"},"content":{"rendered":"\t\t<div data-elementor-type=\"wp-page\" data-elementor-id=\"11207\" class=\"elementor elementor-11207\" data-elementor-post-type=\"page\">\n\t\t\t\t<div class=\"elementor-element elementor-element-32cab67 e-flex e-con-boxed wpr-particle-no wpr-jarallax-no wpr-parallax-no wpr-sticky-section-no wpr-equal-height-no e-con e-parent\" data-id=\"32cab67\" data-element_type=\"container\" data-e-type=\"container\">\n\t\t\t\t\t<div class=\"e-con-inner\">\n\t\t\t\t<div class=\"elementor-element elementor-element-3c7fd56 elementor-widget elementor-widget-html\" data-id=\"3c7fd56\" data-element_type=\"widget\" data-e-type=\"widget\" data-widget_type=\"html.default\">\n\t\t\t\t\t<style>\r\n:root{\r\n  --bg:#070707; --card:#111111; --card-border:rgba(255,255,255,.08);\r\n  --text:#ffffff; --muted:#b8b8b8; --primary:#7b2cff;\r\n  --primary-2:#9d4dff; --accent:#00ff88;\r\n}\r\n\r\n*{box-sizing:border-box;}\r\n\r\n.nen-wrap{\r\n  max-width:1200px;\r\n  margin:0 auto;\r\n  padding:48px 20px;\r\n  background:linear-gradient(180deg,#0b0b0b 0%, #060606 100%);\r\n  border-radius:28px;\r\n}\r\n\r\n.nen-header{text-align:center;margin-bottom:32px;}\r\n\r\n.nen-badge{\r\n  display:inline-block;\r\n  padding:8px 14px;\r\n  border-radius:999px;\r\n  background:rgba(123,44,255,.12);\r\n  border:1px solid rgba(123,44,255,.35);\r\n  color:#d8c4ff;\r\n  font-size:12px;\r\n  font-weight:700;\r\n  letter-spacing:.4px;\r\n  margin-bottom:14px;\r\n}\r\n\r\n.nen-title{\r\n  margin:0 0 10px;\r\n  color:var(--text);\r\n  font-size:clamp(28px, 4vw, 42px);\r\n  font-weight:800;\r\n  line-height:1.1;\r\n}\r\n\r\n.nen-subtitle{\r\n  margin:0 auto;\r\n  max-width:720px;\r\n  color:var(--muted);\r\n  font-size:16px;\r\n  line-height:1.6;\r\n}\r\n\r\n.nen-grid{\r\n  display:grid;\r\n  grid-template-columns:repeat(3, minmax(0, 1fr));\r\n  gap:24px;\r\n  align-items:stretch;\r\n}\r\n\r\n.nen-card{\r\n  background:linear-gradient(180deg, #141414 0%, #0f0f0f 100%);\r\n  border:1px solid var(--card-border);\r\n  border-radius:24px;\r\n  padding:28px 22px;\r\n  text-align:center;\r\n  transition:.25s ease;\r\n  display:flex;\r\n  flex-direction:column;\r\n  align-items:center;\r\n  justify-content:flex-start;\r\n  box-shadow:0 16px 40px rgba(0,0,0,.35);\r\n}\r\n\r\n.nen-card:hover{\r\n  transform:translateY(-6px);\r\n  border-color:rgba(123,44,255,.35);\r\n}\r\n\r\n.nen-card.popular{\r\n  border:1.5px solid rgba(123,44,255,.55);\r\n  box-shadow:0 18px 44px rgba(0,0,0,.42), 0 0 28px rgba(123,44,255,.10);\r\n}\r\n\r\n.nen-popular-tag{\r\n  display:inline-block;\r\n  margin-bottom:14px;\r\n  padding:7px 12px;\r\n  border-radius:999px;\r\n  background:linear-gradient(90deg,var(--primary),var(--primary-2));\r\n  color:#fff;\r\n  font-size:12px;\r\n  font-weight:800;\r\n  letter-spacing:.3px;\r\n}\r\n\r\n.nen-logo,\r\n.nen-logo-animada{\r\n  width:100%;\r\n  display:flex;\r\n  justify-content:center;\r\n  align-items:center;\r\n  margin-bottom:16px;\r\n  min-height:170px;\r\n}\r\n\r\n.nen-logo img,\r\n.nen-logo-animada img{\r\n  width:260px;\r\n  max-width:100%;\r\n  height:auto;\r\n  display:block;\r\n  object-fit:contain;\r\n  transition:.3s ease;\r\n}\r\n\r\n.nen-card.popular .nen-logo-animada img{\r\n  width:260px;\r\n}\r\n\r\n.nen-card:hover .nen-logo img,\r\n.nen-card:hover .nen-logo-animada img{\r\n  transform:scale(1.04);\r\n}\r\n\r\n.nen-plan{\r\n  margin:0 0 8px;\r\n  color:#fff;\r\n  font-size:24px;\r\n  font-weight:800;\r\n}\r\n\r\n.nen-price{\r\n  color:var(--accent);\r\n  font-size:32px;\r\n  line-height:1;\r\n  font-weight:900;\r\n  margin:0 0 18px;\r\n}\r\n\r\n.nen-qty{\r\n  display:flex;\r\n  align-items:center;\r\n  justify-content:center;\r\n  gap:10px;\r\n  margin:0 0 18px;\r\n}\r\n\r\n.nen-qty button{\r\n  width:40px;\r\n  height:40px;\r\n  border-radius:12px;\r\n  border:1px solid rgba(255,255,255,.1);\r\n  background:linear-gradient(90deg,var(--primary),var(--primary-2));\r\n  color:#fff;\r\n  font-size:18px;\r\n  font-weight:900;\r\n  cursor:pointer;\r\n}\r\n\r\n.nen-qty input{\r\n  width:64px;\r\n  height:40px;\r\n  border-radius:12px;\r\n  border:1px solid rgba(255,255,255,.1);\r\n  background:#0a0a0a;\r\n  color:#fff;\r\n  text-align:center;\r\n  font-size:16px;\r\n  outline:none;\r\n}\r\n\r\n.nen-btn{\r\n  width:100%;\r\n  display:flex;\r\n  align-items:center;\r\n  justify-content:center;\r\n  min-height:50px;\r\n  padding:12px 16px;\r\n  border:none;\r\n  border-radius:14px;\r\n  text-decoration:none;\r\n  font-weight:800;\r\n  font-size:15px;\r\n  cursor:pointer;\r\n  transition:.25s ease;\r\n}\r\n\r\n.buy{\r\n  background:linear-gradient(90deg,var(--primary),var(--primary-2));\r\n  color:#fff;\r\n  box-shadow:0 12px 24px rgba(123,44,255,.22);\r\n}\r\n\r\n.buy:hover{transform:translateY(-2px);}\r\n\r\n@media (max-width:1024px){\r\n  .nen-grid{\r\n    grid-template-columns:1fr;\r\n    max-width:480px;\r\n    margin:0 auto;\r\n  }\r\n\r\n  .nen-logo img,\r\n  .nen-logo-animada img,\r\n  .nen-card.popular .nen-logo-animada img{\r\n    width:220px;\r\n  }\r\n}\r\n<\/style>\r\n\r\n<script>\r\nfunction nenComprar(productId, quantityInputId){\r\n\r\n  var input = document.getElementById(quantityInputId);\r\n  var qty = input ? parseInt(input.value) : 1;\r\n\r\n  if(!qty || qty < 1) qty = 1;\r\n\r\n  var button = event.currentTarget;\r\n  button.disabled = true;\r\n  button.innerHTML = \"Adicionando...\";\r\n\r\n  jQuery.ajax({\r\n    type: \"POST\",\r\n    url: wc_add_to_cart_params.wc_ajax_url.replace(\"%%endpoint%%\", \"add_to_cart\"),\r\n    data: {\r\n      product_id: productId,\r\n      quantity: qty\r\n    },\r\n    success: function(response){\r\n\r\n      \/\/ atualiza carrinho (contador, mini cart etc)\r\n      jQuery(document.body).trigger(\"added_to_cart\", [\r\n        response.fragments,\r\n        response.cart_hash,\r\n        jQuery(button)\r\n      ]);\r\n\r\n      \/\/ feedback visual\r\n      button.innerHTML = \"\u2705 Adicionado\";\r\n\r\n      setTimeout(function(){\r\n        button.disabled = false;\r\n        button.innerHTML = \"\ud83d\udcb3 Comprar agora\";\r\n      }, 1200);\r\n    },\r\n    error: function(){\r\n      button.disabled = false;\r\n      button.innerHTML = \"\ud83d\udcb3 Comprar agora\";\r\n      alert(\"Erro ao adicionar ao carrinho.\");\r\n    }\r\n  });\r\n}\r\n\r\nfunction changeQty(id, delta){\r\n  var input = document.getElementById(id);\r\n  if(!input) return;\r\n\r\n  var val = parseInt(input.value) || 1;\r\n  val += delta;\r\n\r\n  if(val < 1) val = 1;\r\n\r\n  input.value = val;\r\n}\r\n<\/script>\r\n\r\n<div class=\"nen-wrap\">\r\n  <div class=\"nen-header\">\r\n    <div class=\"nen-badge\">ACESSO PREMIUM<\/div>\r\n    <h2 class=\"nen-title\">Escolha o seu plano<\/h2>\r\n    <p class=\"nen-subtitle\">\r\n      Compra r\u00e1pida e checkout direto para finalizar seu pedido com mais facilidade.\r\n    <\/p>\r\n  <\/div>\r\n\r\n  <div class=\"nen-grid\">\r\n\r\n    <div class=\"nen-card\">\r\n      <div class=\"nen-logo\">\r\n        <img decoding=\"async\" src=\"http:\/\/nenteras.com\/wp-content\/uploads\/2026\/04\/f4253468-295d-49fa-b32c-b88cd8349329.png\" alt=\"Plano 7 dias\">\r\n      <\/div>\r\n\r\n      <h3 class=\"nen-plan\">Plano 7 dias<\/h3>\r\n      <div class=\"nen-price\">R$ 12,00<\/div>\r\n\r\n      <div class=\"nen-qty\">\r\n        <button type=\"button\" onclick=\"changeQty('q1',-1)\">\u2212<\/button>\r\n        <input id=\"q1\" type=\"number\" value=\"1\" min=\"1\">\r\n        <button type=\"button\" onclick=\"changeQty('q1',1)\">+<\/button>\r\n      <\/div>\r\n\r\n      <button type=\"button\" onclick=\"nenComprar(26,'q1')\" class=\"nen-btn buy\">\r\n        \ud83d\udcb3 Comprar agora\r\n      <\/button>\r\n    <\/div>\r\n\r\n    <div class=\"nen-card\">\r\n      <div class=\"nen-logo\">\r\n        <img decoding=\"async\" src=\"http:\/\/nenteras.com\/wp-content\/uploads\/2026\/04\/f4253468-295d-49fa-b32c-b88cd8349329.png\" alt=\"Plano 15 dias\">\r\n      <\/div>\r\n\r\n      <h3 class=\"nen-plan\">Plano 15 dias<\/h3>\r\n      <div class=\"nen-price\">R$ 20,00<\/div>\r\n\r\n      <div class=\"nen-qty\">\r\n        <button type=\"button\" onclick=\"changeQty('q2',-1)\">\u2212<\/button>\r\n        <input id=\"q2\" type=\"number\" value=\"1\" min=\"1\">\r\n        <button type=\"button\" onclick=\"changeQty('q2',1)\">+<\/button>\r\n      <\/div>\r\n\r\n      <button type=\"button\" onclick=\"nenComprar(25,'q2')\" class=\"nen-btn buy\">\r\n        \ud83d\udcb3 Comprar agora\r\n      <\/button>\r\n    <\/div>\r\n\r\n    <div class=\"nen-card popular\">\r\n      <div class=\"nen-popular-tag\">MAIS VENDIDO<\/div>\r\n\r\n      <div class=\"nen-logo-animada\">\r\n        <img decoding=\"async\" src=\"http:\/\/nenteras.com\/wp-content\/uploads\/2026\/04\/f4253468-295d-49fa-b32c-b88cd8349329.png\" alt=\"Plano 30 dias\">\r\n      <\/div>\r\n\r\n      <h3 class=\"nen-plan\">Plano 30 dias<\/h3>\r\n      <div class=\"nen-price\">R$ 36,00<\/div>\r\n\r\n      <div class=\"nen-qty\">\r\n        <button type=\"button\" onclick=\"changeQty('q3',-1)\">\u2212<\/button>\r\n        <input id=\"q3\" type=\"number\" value=\"1\" min=\"1\">\r\n        <button type=\"button\" onclick=\"changeQty('q3',1)\">+<\/button>\r\n      <\/div>\r\n\r\n      <button type=\"button\" onclick=\"nenComprar(24,'q3')\" class=\"nen-btn buy\">\r\n        \ud83d\udcb3 Comprar agora\r\n      <\/button>\r\n    <\/div>\r\n\r\n  <\/div>\r\n<\/div>\t\t\t\t<\/div>\n\t\t\t\t\t<\/div>\n\t\t\t\t<\/div>\n\t\t<div class=\"elementor-element elementor-element-8215451 e-flex e-con-boxed wpr-particle-no wpr-jarallax-no wpr-parallax-no wpr-sticky-section-no wpr-equal-height-no e-con e-parent\" data-id=\"8215451\" data-element_type=\"container\" data-e-type=\"container\">\n\t\t\t\t\t<div class=\"e-con-inner\">\n\t\t\t\t<div class=\"elementor-element elementor-element-e42c15a elementor-widget elementor-widget-html\" data-id=\"e42c15a\" data-element_type=\"widget\" data-e-type=\"widget\" data-widget_type=\"html.default\">\n\t\t\t\t\t<style>\r\n:root{\r\n  --nen-bg:#060606;\r\n  --nen-bg-2:#0b0b10;\r\n  --nen-card:#101114;\r\n  --nen-card-2:#161821;\r\n  --nen-text:#ffffff;\r\n  --nen-muted:#cfcfe0;\r\n  --nen-purple:#7b2cff;\r\n  --nen-purple-2:#a855ff;\r\n  --nen-border:rgba(123,44,255,.38);\r\n  --nen-border-soft:rgba(255,255,255,.06);\r\n  --nen-glow:0 0 24px rgba(123,44,255,.18);\r\n  --nen-glow-strong:0 0 34px rgba(123,44,255,.26);\r\n  --nen-shadow:0 18px 40px rgba(0,0,0,.32);\r\n}\r\n\r\n*{\r\n  box-sizing:border-box;\r\n}\r\n\r\n.nen-faq-wrap{\r\n  width:100%;\r\n  padding:48px 28px;\r\n  border-radius:34px;\r\n  background:\r\n    radial-gradient(circle at top center, rgba(123,44,255,.12), transparent 38%),\r\n    linear-gradient(180deg, var(--nen-bg-2) 0%, var(--nen-bg) 100%);\r\n  box-shadow:var(--nen-shadow);\r\n  position:relative;\r\n  overflow:hidden;\r\n}\r\n\r\n.nen-faq-wrap::before{\r\n  content:\"\";\r\n  position:absolute;\r\n  inset:0;\r\n  pointer-events:none;\r\n  background:\r\n    radial-gradient(circle at 20% 20%, rgba(123,44,255,.07), transparent 22%),\r\n    radial-gradient(circle at 80% 10%, rgba(168,85,255,.05), transparent 18%);\r\n}\r\n\r\n.nen-faq-header{\r\n  position:relative;\r\n  z-index:2;\r\n  margin-bottom:28px;\r\n}\r\n\r\n.nen-faq-badge{\r\n  display:inline-flex;\r\n  align-items:center;\r\n  justify-content:center;\r\n  min-height:40px;\r\n  padding:0 16px;\r\n  border-radius:999px;\r\n  color:#ffffff;\r\n  font-size:14px;\r\n  font-weight:800;\r\n  background:rgba(123,44,255,.10);\r\n  border:1px solid rgba(123,44,255,.48);\r\n  box-shadow:0 0 20px rgba(123,44,255,.14);\r\n  margin-bottom:18px;\r\n}\r\n\r\n.nen-faq-title{\r\n  margin:0;\r\n  color:#ffffff;\r\n  font-size:clamp(34px, 5vw, 62px);\r\n  line-height:1.02;\r\n  font-weight:900;\r\n  letter-spacing:-1px;\r\n}\r\n\r\n.nen-faq-grid{\r\n  position:relative;\r\n  z-index:2;\r\n  display:grid;\r\n  grid-template-columns:repeat(2, minmax(0, 1fr));\r\n  gap:22px;\r\n  align-items:start;\r\n}\r\n\r\n.nen-faq-col{\r\n  display:flex;\r\n  flex-direction:column;\r\n  gap:14px;\r\n}\r\n\r\n.nen-faq-item{\r\n  position:relative;\r\n  border-radius:18px;\r\n  overflow:hidden;\r\n  background:\r\n    linear-gradient(180deg, rgba(255,255,255,.02), rgba(255,255,255,.01)),\r\n    linear-gradient(180deg, var(--nen-card) 0%, var(--nen-card-2) 100%);\r\n  border:1px solid var(--nen-border-soft);\r\n  box-shadow:0 10px 22px rgba(0,0,0,.22);\r\n  transition:\r\n    transform .28s ease,\r\n    border-color .28s ease,\r\n    box-shadow .28s ease,\r\n    filter .28s ease;\r\n  will-change:transform, box-shadow;\r\n}\r\n\r\n.nen-faq-item::before{\r\n  content:\"\";\r\n  position:absolute;\r\n  inset:-20%;\r\n  background:radial-gradient(circle, rgba(123,44,255,.12), transparent 45%);\r\n  opacity:0;\r\n  filter:blur(26px);\r\n  transition:opacity .3s ease;\r\n  pointer-events:none;\r\n}\r\n\r\n.nen-faq-item:hover{\r\n  transform:translateY(-2px);\r\n  border-color:var(--nen-border);\r\n  box-shadow:0 14px 28px rgba(0,0,0,.28), var(--nen-glow);\r\n}\r\n\r\n.nen-faq-item:hover::before{\r\n  opacity:1;\r\n}\r\n\r\n.nen-faq-item.active{\r\n  border-color:rgba(123,44,255,.58);\r\n  box-shadow:0 14px 30px rgba(0,0,0,.32), var(--nen-glow-strong);\r\n}\r\n\r\n.nen-faq-item.active::before{\r\n  opacity:1;\r\n}\r\n\r\n.nen-faq-question{\r\n  width:100%;\r\n  border:none;\r\n  background:transparent;\r\n  color:var(--nen-text);\r\n  padding:18px 18px 18px 20px;\r\n  display:flex;\r\n  align-items:center;\r\n  justify-content:space-between;\r\n  gap:16px;\r\n  text-align:left;\r\n  cursor:pointer;\r\n  transition:transform .12s ease;\r\n}\r\n\r\n.nen-faq-question:active{\r\n  transform:scale(.992);\r\n}\r\n\r\n.nen-faq-question-text{\r\n  flex:1;\r\n  font-size:17px;\r\n  font-weight:800;\r\n  line-height:1.4;\r\n}\r\n\r\n.nen-faq-icon{\r\n  width:32px;\r\n  height:32px;\r\n  min-width:32px;\r\n  border-radius:11px;\r\n  display:flex;\r\n  align-items:center;\r\n  justify-content:center;\r\n  background:linear-gradient(180deg, var(--nen-purple) 0%, var(--nen-purple-2) 100%);\r\n  box-shadow:0 8px 20px rgba(123,44,255,.32);\r\n  transition:\r\n    transform .28s ease,\r\n    box-shadow .28s ease,\r\n    filter .28s ease;\r\n}\r\n\r\n.nen-faq-icon svg{\r\n  width:14px;\r\n  height:14px;\r\n  fill:#fff;\r\n  display:block;\r\n}\r\n\r\n.nen-faq-item:hover .nen-faq-icon{\r\n  box-shadow:0 10px 24px rgba(123,44,255,.42);\r\n  filter:brightness(1.06);\r\n}\r\n\r\n.nen-faq-item.active .nen-faq-icon{\r\n  transform:rotate(180deg) scale(1.04);\r\n  box-shadow:0 12px 26px rgba(123,44,255,.46);\r\n}\r\n\r\n.nen-faq-answer{\r\n  max-height:0;\r\n  overflow:hidden;\r\n  transition:max-height .38s ease, padding .38s ease;\r\n  padding:0 20px;\r\n}\r\n\r\n.nen-faq-answer p{\r\n  margin:0;\r\n  padding:0 0 18px;\r\n  color:var(--nen-muted);\r\n  font-size:15px;\r\n  line-height:1.75;\r\n}\r\n\r\n.nen-faq-item.active .nen-faq-answer{\r\n  max-height:240px;\r\n}\r\n\r\n@media (max-width: 900px){\r\n  .nen-faq-grid{\r\n    grid-template-columns:1fr;\r\n  }\r\n\r\n  .nen-faq-wrap{\r\n    padding:36px 18px;\r\n    border-radius:26px;\r\n  }\r\n\r\n  .nen-faq-title{\r\n    font-size:42px;\r\n  }\r\n\r\n  .nen-faq-question{\r\n    padding:16px;\r\n  }\r\n\r\n  .nen-faq-question-text{\r\n    font-size:16px;\r\n  }\r\n}\r\n<\/style>\r\n\r\n<div class=\"nen-faq-wrap\">\r\n  <div class=\"nen-faq-header\">\r\n    <div class=\"nen-faq-badge\">D\u00favidas?<\/div>\r\n    <h2 class=\"nen-faq-title\">Perguntas frequentes<\/h2>\r\n  <\/div>\r\n\r\n  <div class=\"nen-faq-grid\">\r\n    <div class=\"nen-faq-col\">\r\n\r\n      <div class=\"nen-faq-item\">\r\n        <button class=\"nen-faq-question\" type=\"button\">\r\n          <span class=\"nen-faq-question-text\">Posso solicitar reembolso?<\/span>\r\n          <span class=\"nen-faq-icon\">\r\n            <svg viewBox=\"0 0 24 24\" aria-hidden=\"true\">\r\n              <path d=\"M7.41 8.59 12 13.17l4.59-4.58L18 10l-6 6-6-6z\"><\/path>\r\n            <\/svg>\r\n          <\/span>\r\n        <\/button>\r\n        <div class=\"nen-faq-answer\">\r\n          <p>Sim. O reembolso pode ser solicitado somente nos casos em que o voucher ainda n\u00e3o tenha sido utilizado ou quando o programa n\u00e3o funcionar para voc\u00ea, mesmo ap\u00f3s o suporte.<\/p>\r\n        <\/div>\r\n      <\/div>\r\n\r\n      <div class=\"nen-faq-item\">\r\n        <button class=\"nen-faq-question\" type=\"button\">\r\n          <span class=\"nen-faq-question-text\">O voucher expira?<\/span>\r\n          <span class=\"nen-faq-icon\">\r\n            <svg viewBox=\"0 0 24 24\" aria-hidden=\"true\">\r\n              <path d=\"M7.41 8.59 12 13.17l4.59-4.58L18 10l-6 6-6-6z\"><\/path>\r\n            <\/svg>\r\n          <\/span>\r\n        <\/button>\r\n        <div class=\"nen-faq-answer\">\r\n          <p>N\u00e3o. O voucher n\u00e3o expira. Voc\u00ea pode comprar e utilizar quando quiser.<\/p>\r\n        <\/div>\r\n      <\/div>\r\n\r\n      <div class=\"nen-faq-item\">\r\n        <button class=\"nen-faq-question\" type=\"button\">\r\n          <span class=\"nen-faq-question-text\">Quantas telas posso abrir?<\/span>\r\n          <span class=\"nen-faq-icon\">\r\n            <svg viewBox=\"0 0 24 24\" aria-hidden=\"true\">\r\n              <path d=\"M7.41 8.59 12 13.17l4.59-4.58L18 10l-6 6-6-6z\"><\/path>\r\n            <\/svg>\r\n          <\/span>\r\n        <\/button>\r\n        <div class=\"nen-faq-answer\">\r\n          <p>Voc\u00ea pode adquirir quantas telas quiser e adicion\u00e1-las em \u201cAdd New Sub\u201d.<\/p>\r\n        <\/div>\r\n      <\/div>\r\n\r\n    <\/div>\r\n\r\n    <div class=\"nen-faq-col\">\r\n\r\n      <div class=\"nen-faq-item\">\r\n        <button class=\"nen-faq-question\" type=\"button\">\r\n          <span class=\"nen-faq-question-text\">Como recebo o programa ap\u00f3s a compra?<\/span>\r\n          <span class=\"nen-faq-icon\">\r\n            <svg viewBox=\"0 0 24 24\" aria-hidden=\"true\">\r\n              <path d=\"M7.41 8.59 12 13.17l4.59-4.58L18 10l-6 6-6-6z\"><\/path>\r\n            <\/svg>\r\n          <\/span>\r\n        <\/button>\r\n        <div class=\"nen-faq-answer\">\r\n          <p>Ap\u00f3s a compra, o voucher \u00e9 enviado automaticamente para o seu e-mail junto com o download do programa.<\/p>\r\n        <\/div>\r\n      <\/div>\r\n\r\n      <div class=\"nen-faq-item\">\r\n        <button class=\"nen-faq-question\" type=\"button\">\r\n          <span class=\"nen-faq-question-text\">Posso usar em mais de um PC?<\/span>\r\n          <span class=\"nen-faq-icon\">\r\n            <svg viewBox=\"0 0 24 24\" aria-hidden=\"true\">\r\n              <path d=\"M7.41 8.59 12 13.17l4.59-4.58L18 10l-6 6-6-6z\"><\/path>\r\n            <\/svg>\r\n          <\/span>\r\n        <\/button>\r\n        <div class=\"nen-faq-answer\">\r\n          <p>Sim. Voc\u00ea pode utilizar sua assinatura em quantos PCs quiser.<\/p>\r\n        <\/div>\r\n      <\/div>\r\n\r\n    <\/div>\r\n  <\/div>\r\n<\/div>\r\n\r\n<script>\r\ndocument.querySelectorAll('.nen-faq-question').forEach(function(button){\r\n  button.addEventListener('click', function(){\r\n    const item = this.closest('.nen-faq-item');\r\n    const isActive = item.classList.contains('active');\r\n\r\n    document.querySelectorAll('.nen-faq-item').forEach(function(el){\r\n      el.classList.remove('active');\r\n    });\r\n\r\n    if (!isActive) {\r\n      item.classList.add('active');\r\n    }\r\n  });\r\n});\r\n<\/script>\t\t\t\t<\/div>\n\t\t\t\t\t<\/div>\n\t\t\t\t<\/div>\n\t\t\t\t<\/div>\n\t\t","protected":false},"excerpt":{"rendered":"<p>ACESSO PREMIUM Escolha o seu plano Compra r\u00e1pida e checkout direto para finalizar seu pedido com mais facilidade. Plano 7 dias R$ 12,00 \u2212 + \ud83d\udcb3 Comprar agora Plano 15 dias R$ 20,00 \u2212 + \ud83d\udcb3 Comprar agora MAIS VENDIDO Plano 30 dias R$ 36,00 \u2212 + \ud83d\udcb3 Comprar agora D\u00favidas? Perguntas frequentes Posso solicitar reembolso? Sim. O reembolso pode ser solicitado somente nos casos em que o voucher ainda n\u00e3o tenha sido utilizado ou quando o programa n\u00e3o funcionar para voc\u00ea, mesmo ap\u00f3s o suporte. O voucher expira? N\u00e3o. O voucher n\u00e3o expira. Voc\u00ea pode comprar e utilizar quando quiser. Quantas telas posso abrir? Voc\u00ea pode adquirir quantas telas quiser e adicion\u00e1-las em \u201cAdd New Sub\u201d. Como recebo o programa ap\u00f3s a compra? Ap\u00f3s a compra, o voucher \u00e9 enviado automaticamente para o seu e-mail junto com o download do programa. Posso usar em mais de um PC? Sim. Voc\u00ea pode utilizar sua assinatura em quantos PCs quiser.<\/p>\n","protected":false},"author":1,"featured_media":0,"parent":0,"menu_order":0,"comment_status":"closed","ping_status":"closed","template":"","meta":{"content-type":"","site-sidebar-layout":"default","site-content-layout":"","ast-site-content-layout":"default","site-content-style":"default","site-sidebar-style":"default","ast-global-header-display":"","ast-banner-title-visibility":"","ast-main-header-display":"","ast-hfb-above-header-display":"","ast-hfb-below-header-display":"","ast-hfb-mobile-header-display":"","site-post-title":"","ast-breadcrumbs-content":"","ast-featured-img":"","footer-sml-layout":"","ast-disable-related-posts":"","theme-transparent-header-meta":"","adv-header-id-meta":"","stick-header-meta":"","header-above-stick-meta":"","header-main-stick-meta":"","header-below-stick-meta":"","astra-migrate-meta-layouts":"default","ast-page-background-enabled":"default","ast-page-background-meta":{"desktop":{"background-color":"var(--ast-global-color-5)","background-image":"","background-repeat":"repeat","background-position":"center center","background-size":"auto","background-attachment":"scroll","background-type":"","background-media":"","overlay-type":"","overlay-color":"","overlay-opacity":"","overlay-gradient":""},"tablet":{"background-color":"","background-image":"","background-repeat":"repeat","background-position":"center center","background-size":"auto","background-attachment":"scroll","background-type":"","background-media":"","overlay-type":"","overlay-color":"","overlay-opacity":"","overlay-gradient":""},"mobile":{"background-color":"","background-image":"","background-repeat":"repeat","background-position":"center center","background-size":"auto","background-attachment":"scroll","background-type":"","background-media":"","overlay-type":"","overlay-color":"","overlay-opacity":"","overlay-gradient":""}},"ast-content-background-meta":{"desktop":{"background-color":"var(--ast-global-color-4)","background-image":"","background-repeat":"repeat","background-position":"center center","background-size":"auto","background-attachment":"scroll","background-type":"","background-media":"","overlay-type":"","overlay-color":"","overlay-opacity":"","overlay-gradient":""},"tablet":{"background-color":"var(--ast-global-color-4)","background-image":"","background-repeat":"repeat","background-position":"center center","background-size":"auto","background-attachment":"scroll","background-type":"","background-media":"","overlay-type":"","overlay-color":"","overlay-opacity":"","overlay-gradient":""},"mobile":{"background-color":"var(--ast-global-color-4)","background-image":"","background-repeat":"repeat","background-position":"center center","background-size":"auto","background-attachment":"scroll","background-type":"","background-media":"","overlay-type":"","overlay-color":"","overlay-opacity":"","overlay-gradient":""}},"footnotes":""},"class_list":["post-11207","page","type-page","status-publish","hentry"],"jetpack_sharing_enabled":true,"_links":{"self":[{"href":"https:\/\/nenteras.com\/index.php\/wp-json\/wp\/v2\/pages\/11207","targetHints":{"allow":["GET"]}}],"collection":[{"href":"https:\/\/nenteras.com\/index.php\/wp-json\/wp\/v2\/pages"}],"about":[{"href":"https:\/\/nenteras.com\/index.php\/wp-json\/wp\/v2\/types\/page"}],"author":[{"embeddable":true,"href":"https:\/\/nenteras.com\/index.php\/wp-json\/wp\/v2\/users\/1"}],"replies":[{"embeddable":true,"href":"https:\/\/nenteras.com\/index.php\/wp-json\/wp\/v2\/comments?post=11207"}],"version-history":[{"count":18,"href":"https:\/\/nenteras.com\/index.php\/wp-json\/wp\/v2\/pages\/11207\/revisions"}],"predecessor-version":[{"id":11271,"href":"https:\/\/nenteras.com\/index.php\/wp-json\/wp\/v2\/pages\/11207\/revisions\/11271"}],"wp:attachment":[{"href":"https:\/\/nenteras.com\/index.php\/wp-json\/wp\/v2\/media?parent=11207"}],"curies":[{"name":"wp","href":"https:\/\/api.w.org\/{rel}","templated":true}]}}